{"id":28,"date":"2020-03-16T20:56:22","date_gmt":"2020-03-17T00:56:22","guid":{"rendered":"https:\/\/starter.b2b2c.ca\/?page_id=28"},"modified":"2025-03-24T14:45:35","modified_gmt":"2025-03-24T18:45:35","slug":"contact-us","status":"publish","type":"page","link":"https:\/\/b2bcybersecure.com\/en\/contact-us\/","title":{"rendered":"Contact us"},"content":{"rendered":"\n  <div class=\"banner has-hover has-parallax\" id=\"banner-1530317099\">\n          <div class=\"banner-inner fill\">\n        <div class=\"banner-bg fill\" data-parallax=\"-6\" data-parallax-container=\".banner\" data-parallax-background>\n            <div class=\"bg fill bg-fill bg-loaded\"><\/div>\n                        <div class=\"overlay\"><\/div>            \n                    <\/div>\n        <div class=\"banner-layers container\">\n            <div class=\"fill banner-link\"><\/div>            \n   <div id=\"text-box-893088056\" class=\"text-box banner-layer x50 md-x50 lg-x50 y50 md-y50 lg-y50 res-text\">\n              <div data-parallax=\"1\" data-parallax-fade=\"true\">       <div data-animate=\"none\">           <div class=\"text dark text-shadow-5\">\n              \n              <div class=\"text-inner text-center\">\n                  \n\t<div id=\"gap-778670986\" class=\"gap-element clearfix\" style=\"display:block; height:auto;\">\n\t\t\n<style scope=\"scope\">\n\n#gap-778670986 {\n  padding-top: 7px;\n}\n<\/style>\n\t<\/div>\n\t\n<h2><span style=\"font-size: 140%;\"><strong>Come into port<\/strong><\/span><\/h2>\n\t<div id=\"gap-844654974\" class=\"gap-element clearfix\" style=\"display:block; height:auto;\">\n\t\t\n<style scope=\"scope\">\n\n#gap-844654974 {\n  padding-top: 30px;\n}\n<\/style>\n\t<\/div>\n\t\n<p><span style=\"font-size: 120%;\">Speak with one of our specialists or with a member of our support team.<\/span><\/p>\n              <\/div>\n           <\/div>\n       <\/div>       <\/div>              \n<style scope=\"scope\">\n\n#text-box-893088056 {\n  width: 74%;\n}\n#text-box-893088056 .text {\n  font-size: 100%;\n}\n\n\n@media (min-width:550px) {\n\n  #text-box-893088056 {\n    width: 56%;\n  }\n\n}\n<\/style>\n    <\/div>\n \n        <\/div>\n      <\/div>\n\n            \n<style scope=\"scope\">\n\n#banner-1530317099 {\n  padding-top: 16%;\n}\n#banner-1530317099 .bg.bg-loaded {\n  background-image: url(https:\/\/b2bcybersecure.com\/wp-content\/uploads\/2021\/03\/AdobeStock_70367526_Preview.jpeg);\n}\n#banner-1530317099 .overlay {\n  background-color: rgba(0, 123, 108, 0.58);\n}\n#banner-1530317099 .bg {\n  background-position: 39% 94%;\n}\n<\/style>\n  <\/div>\n\n\n\n<span class=\"scroll-to\" data-label=\"Scroll to: #Consultation\" data-bullet=\"false\" data-link=\"#Consultation\" data-title=\"Consultation\"><a name=\"Consultation\"><\/a><\/span>\n\t<section class=\"section\" id=\"section_698792721\">\n\t\t<div class=\"bg section-bg fill bg-fill bg-loaded bg-loaded\" >\n\n\t\t\t\n\t\t\t\n\t\t\t\n\n\t\t<\/div>\n\n\t\t<div class=\"section-content relative\">\n\t\t\t\n\t<div id=\"gap-1898170444\" class=\"gap-element clearfix\" style=\"display:block; height:auto;\">\n\t\t\n<style scope=\"scope\">\n\n#gap-1898170444 {\n  padding-top: 50px;\n}\n<\/style>\n\t<\/div>\n\t\n<div class=\"row align-center\"  id=\"row-810314619\">\n\n\t<div class=\"col small-10 large-12\"  >\n\t\t<div class=\"col-inner text-center\"  >\n\t\t\t\n\t\t\t\n<h2><span style=\"font-size: 130%;\">Book a no-commitment consultation<\/span><\/h2>\n<h3 class=\"thin-font\">Discutez de vos objectifs avec un de nos experts dans le cadre d&#8217;une consultation sans engagement. \u00a0Obtenez r\u00e9ponses \u00e0 vos question sur nos offres et d\u00e9couvrez comment nous pouvons appuyer vos plans en termes de TI et plus sp\u00e9cifiquement de s\u00e9curit\u00e9 TI.<\/h3>\n\t\t<\/div>\n\t<\/div>\n\n\t\n\n<style scope=\"scope\">\n\n<\/style>\n<\/div>\n\t\t<\/div>\n\n\t\t\n<style scope=\"scope\">\n\n#section_698792721 {\n  padding-top: 30px;\n  padding-bottom: 30px;\n}\n<\/style>\n\t<\/section>\n\t\n\t<section class=\"section\" id=\"section_641970533\">\n\t\t<div class=\"bg section-bg fill bg-fill bg-loaded bg-loaded\" >\n\n\t\t\t\n\t\t\t\n\t\t\t\n\n\t\t<\/div>\n\n\t\t<div class=\"section-content relative\">\n\t\t\t\n<div class=\"row\"  id=\"row-1701264411\">\n\n\t<div class=\"col small-12 large-12\"  >\n\t\t<div class=\"col-inner\"  >\n\t\t\t\n\t\t\t\n<div class=\"row align-center\"  id=\"row-532813106\">\n\n\t<div class=\"col medium-4 small-12 large-4\"  data-animate=\"bounceIn\">\n\t\t<div class=\"col-inner\"  >\n\t\t\t\n\t\t\t\n\n  <div class=\"banner has-hover\" id=\"banner-1533293148\">\n          <div class=\"banner-inner fill\">\n        <div class=\"banner-bg fill\" >\n            <div class=\"bg fill bg-fill bg-loaded\"><\/div>\n                                    \n            <div class=\"effect-sliding-glass bg-effect fill no-click\"><\/div>        <\/div>\n        <div class=\"banner-layers container\">\n            <div class=\"fill banner-link\"><\/div>            \n   <div id=\"text-box-2121267048\" class=\"text-box banner-layer x50 md-x50 lg-x50 y50 md-y50 lg-y50 res-text\">\n                                <div class=\"text dark\">\n              \n              <div class=\"text-inner text-center\">\n                  \n<div class=\"container section-title-container\" ><h4 class=\"section-title section-title-bold-center\"><b><\/b><span class=\"section-title-main\" style=\"font-size:151%;\">1<\/span><b><\/b><\/h4><\/div>\n<p><span style=\"font-size: 18px;\">Let&#8217;s set up a 30-minute<\/span><br \/>\n<span class=\"uppercase\" style=\"font-size: 30px;\"> APPOINTMENT<\/span><\/p>\n\t<div id=\"gap-1155658299\" class=\"gap-element clearfix\" style=\"display:block; height:auto;\">\n\t\t\n<style scope=\"scope\">\n\n#gap-1155658299 {\n  padding-top: 54px;\n}\n<\/style>\n\t<\/div>\n\t\n<a href=\"https:\/\/form.jotform.com\/211126360666047?language=en\" target=\"_self\" class=\"button white is-xxlarge box-shadow-1 box-shadow-2-hover\"  >\n    <span>Let's set a date<\/span>\n  <\/a>\n\n              <\/div>\n           <\/div>\n                            \n<style scope=\"scope\">\n\n#text-box-2121267048 {\n  width: 60%;\n}\n#text-box-2121267048 .text {\n  font-size: 100%;\n}\n<\/style>\n    <\/div>\n \n        <\/div>\n      <\/div>\n\n            \n<style scope=\"scope\">\n\n#banner-1533293148 {\n  padding-top: 300px;\n}\n\n\n@media (min-width:550px) {\n\n  #banner-1533293148 {\n    padding-top: 380px;\n  }\n\n}\n<\/style>\n  <\/div>\n\n\n\t\t<\/div>\n\t<\/div>\n\n\t\n\n\t<div class=\"col medium-4 small-12 large-4\"  data-animate=\"fadeInRight\">\n\t\t<div class=\"col-inner\"  >\n\t\t\t\n\t\t\t\n\n  <div class=\"banner has-hover\" id=\"banner-1657676301\">\n          <div class=\"banner-inner fill\">\n        <div class=\"banner-bg fill\" >\n            <div class=\"bg fill bg-fill bg-loaded\"><\/div>\n                                    \n                    <\/div>\n        <div class=\"banner-layers container\">\n            <div class=\"fill banner-link\"><\/div>            \n   <div id=\"text-box-847577131\" class=\"text-box banner-layer x50 md-x50 lg-x50 y50 md-y50 lg-y50 res-text\">\n                                <div class=\"text dark\">\n              \n              <div class=\"text-inner text-center\">\n                  \n<div class=\"container section-title-container\" ><h4 class=\"section-title section-title-bold-center\"><b><\/b><span class=\"section-title-main\" style=\"font-size:149%;\">2<\/span><b><\/b><\/h4><\/div>\n<p><span style=\"font-size: 18px;\">Analyze your needs and objectives in<\/span><br \/>\n<span class=\"uppercase\" style=\"font-size: 30px;\"> consultation<\/span><\/p>\n\t<div id=\"gap-95747553\" class=\"gap-element clearfix\" style=\"display:block; height:auto;\">\n\t\t\n<style scope=\"scope\">\n\n#gap-95747553 {\n  padding-top: 14px;\n}\n<\/style>\n\t<\/div>\n\t\n\t<div class=\"img has-hover x md-x lg-x y md-y lg-y\" id=\"image_906381467\">\n\t\t\t\t\t\t\t\t<div class=\"img-inner dark\" >\n\t\t\t<img loading=\"lazy\" decoding=\"async\" width=\"425\" height=\"250\" src=\"https:\/\/b2bcybersecure.com\/wp-content\/uploads\/2020\/09\/Parlez-avec-SecureBIZ-2.png\" class=\"attachment-large size-large\" alt=\"Parlez avec SecureBIZ\" \/>\t\t\t\t\t\t\n\t\t\t\t\t<\/div>\n\t\t\t\t\t\t\t\t\n<style scope=\"scope\">\n\n#image_906381467 {\n  width: 61%;\n}\n<\/style>\n\t<\/div>\n\t\n              <\/div>\n           <\/div>\n                            \n<style scope=\"scope\">\n\n#text-box-847577131 {\n  width: 69%;\n}\n#text-box-847577131 .text {\n  font-size: 100%;\n}\n<\/style>\n    <\/div>\n \n        <\/div>\n      <\/div>\n\n            \n<style scope=\"scope\">\n\n#banner-1657676301 {\n  padding-top: 300px;\n  background-color: rgb(124, 171, 162);\n}\n\n\n@media (min-width:550px) {\n\n  #banner-1657676301 {\n    padding-top: 380px;\n  }\n\n}\n<\/style>\n  <\/div>\n\n\n\t\t<\/div>\n\t<\/div>\n\n\t\n\n\t<div class=\"col medium-4 small-12 large-4\"  data-animate=\"fadeInRight\">\n\t\t<div class=\"col-inner\"  >\n\t\t\t\n\t\t\t\n\n  <div class=\"banner has-hover\" id=\"banner-1242589270\">\n          <div class=\"banner-inner fill\">\n        <div class=\"banner-bg fill\" >\n            <div class=\"bg fill bg-fill bg-loaded\"><\/div>\n                                    \n                    <\/div>\n        <div class=\"banner-layers container\">\n            <div class=\"fill banner-link\"><\/div>            \n   <div id=\"text-box-1026615880\" class=\"text-box banner-layer x50 md-x50 lg-x50 y50 md-y50 lg-y50 res-text\">\n                                <div class=\"text dark\">\n              \n              <div class=\"text-inner text-center\">\n                  \n<div class=\"container section-title-container\" ><h4 class=\"section-title section-title-bold-center\"><b><\/b><span class=\"section-title-main\" style=\"font-size:150%;\">3<\/span><b><\/b><\/h4><\/div>\n<p><span style=\"font-size: 18px;\">Share with your associates new<\/span><br \/>\n<span class=\"uppercase\" style=\"font-size: 30px;\">Options <\/span><\/p>\n\t<div id=\"gap-1873717078\" class=\"gap-element clearfix\" style=\"display:block; height:auto;\">\n\t\t\n<style scope=\"scope\">\n\n#gap-1873717078 {\n  padding-top: 19px;\n}\n<\/style>\n\t<\/div>\n\t\n\t<div class=\"img has-hover x md-x lg-x y md-y lg-y\" id=\"image_1127510199\">\n\t\t\t\t\t\t\t\t<div class=\"img-inner dark\" >\n\t\t\t<img loading=\"lazy\" decoding=\"async\" width=\"1\" height=\"1\" src=\"https:\/\/b2bcybersecure.com\/wp-content\/uploads\/2021\/01\/layers-1.svg\" class=\"attachment-large size-large\" alt=\"\" \/>\t\t\t\t\t\t\n\t\t\t\t\t<\/div>\n\t\t\t\t\t\t\t\t\n<style scope=\"scope\">\n\n#image_1127510199 {\n  width: 30%;\n}\n<\/style>\n\t<\/div>\n\t\n              <\/div>\n           <\/div>\n                            \n<style scope=\"scope\">\n\n#text-box-1026615880 {\n  width: 72%;\n}\n#text-box-1026615880 .text {\n  font-size: 100%;\n}\n<\/style>\n    <\/div>\n \n        <\/div>\n      <\/div>\n\n            \n<style scope=\"scope\">\n\n#banner-1242589270 {\n  padding-top: 300px;\n  background-color: rgb(124, 135, 171);\n}\n\n\n@media (min-width:550px) {\n\n  #banner-1242589270 {\n    padding-top: 380px;\n  }\n\n}\n<\/style>\n  <\/div>\n\n\n\t\t<\/div>\n\t<\/div>\n\n\t\n\n<style scope=\"scope\">\n\n<\/style>\n<\/div>\n\t\t<\/div>\n\t<\/div>\n\n\t\n<\/div>\n\t\t<\/div>\n\n\t\t\n<style scope=\"scope\">\n\n#section_641970533 {\n  padding-top: 30px;\n  padding-bottom: 30px;\n}\n<\/style>\n\t<\/section>\n\t\n\n<span class=\"scroll-to\" data-label=\"Scroll to: #Clients\" data-bullet=\"false\" data-link=\"#Clients\" data-title=\"Clients\"><a name=\"Clients\"><\/a><\/span>\n\n<span class=\"scroll-to\" data-label=\"Scroll to: #Clients\" data-bullet=\"false\" data-link=\"#Clients\" data-title=\"Clients\"><a name=\"Clients\"><\/a><\/span>\n\n\t<section class=\"section\" id=\"section_592051151\">\n\t\t<div class=\"bg section-bg fill bg-fill bg-loaded bg-loaded\" >\n\n\t\t\t\n\t\t\t\n\t\t\t\n\n\t\t<\/div>\n\n\t\t<div class=\"section-content relative\">\n\t\t\t\n<div class=\"row align-center\"  id=\"row-1770567590\">\n\n\t<div class=\"col small-10 large-12\"  >\n\t\t<div class=\"col-inner text-center\"  >\n\t\t\t\n\t\t\t\n\n\t\t<div class=\"tabbed-content\">\n\t\t\t\n\t\t\t<ul class=\"nav nav-pills nav-vertical nav-uppercase nav-size-xlarge nav-center\"><li class=\"tab active has-icon\"><a href=\"#tab_call-us\"><span>Call us<\/span><\/a><\/li>\n<li class=\"tab has-icon\"><a href=\"#tab_ask-us-by-email\"><span>Ask us by Email<\/span><\/a><\/li><\/ul><div class=\"tab-panels\"><div class=\"panel active entry-content\" id=\"tab_call-us\">\n<div class=\"row\"  id=\"row-1823153870\">\n\n\t<div class=\"col medium-6 small-12 large-6\"  >\n\t\t<div class=\"col-inner\"  >\n\t\t\t\n\t\t\t\n\t<div class=\"img has-hover x md-x lg-x y md-y lg-y\" id=\"image_1274035096\">\n\t\t\t\t\t\t\t\t<div class=\"img-inner dark\" style=\"margin:20px 0px 0px 0px;\">\n\t\t\t<img loading=\"lazy\" decoding=\"async\" width=\"1020\" height=\"680\" src=\"https:\/\/b2bcybersecure.com\/wp-content\/uploads\/2020\/07\/AdobeStock_134895739-1.jpeg\" class=\"attachment-large size-large\" alt=\"\" srcset=\"https:\/\/b2bcybersecure.com\/wp-content\/uploads\/2020\/07\/AdobeStock_134895739-1.jpeg 1200w, https:\/\/b2bcybersecure.com\/wp-content\/uploads\/2020\/07\/AdobeStock_134895739-1-600x400.jpeg 600w, https:\/\/b2bcybersecure.com\/wp-content\/uploads\/2020\/07\/AdobeStock_134895739-1-768x512.jpeg 768w\" sizes=\"auto, (max-width: 1020px) 100vw, 1020px\" \/>\t\t\t\t\t\t\n\t\t\t\t\t<\/div>\n\t\t\t\t\t\t\t\t\n<style scope=\"scope\">\n\n#image_1274035096 {\n  width: 100%;\n}\n<\/style>\n\t<\/div>\n\t\n\t\t<\/div>\n\t<\/div>\n\n\t\n\n\t<div class=\"col medium-6 small-12 large-6\"  >\n\t\t<div class=\"col-inner\"  >\n\t\t\t\n\t\t\t\n\n\t\t<div class=\"icon-box featured-box icon-box-center text-center is-xlarge\"  >\n\t\t\t\t\t<div class=\"icon-box-img\" style=\"width: 83px\">\n\t\t\t\t<div class=\"icon\">\n\t\t\t\t\t<div class=\"icon-inner\" >\n\t\t\t\t\t\t<img loading=\"lazy\" decoding=\"async\" width=\"400\" height=\"400\" src=\"https:\/\/b2bcybersecure.com\/wp-content\/uploads\/2021\/03\/contact-page-for-flatsome-wordpress-theme-pointed-icon-phone-400x400.png\" class=\"attachment-medium size-medium\" alt=\"\" srcset=\"https:\/\/b2bcybersecure.com\/wp-content\/uploads\/2021\/03\/contact-page-for-flatsome-wordpress-theme-pointed-icon-phone-400x400.png 400w, https:\/\/b2bcybersecure.com\/wp-content\/uploads\/2021\/03\/contact-page-for-flatsome-wordpress-theme-pointed-icon-phone-280x280.png 280w, https:\/\/b2bcybersecure.com\/wp-content\/uploads\/2021\/03\/contact-page-for-flatsome-wordpress-theme-pointed-icon-phone.png 512w\" sizes=\"auto, (max-width: 400px) 100vw, 400px\" \/>\t\t\t\t\t<\/div>\n\t\t\t\t<\/div>\n\t\t\t<\/div>\n\t\t\t\t<div class=\"icon-box-text last-reset\">\n\t\t\t\t\t\t\t\t\t\n<h4>Call us now<\/h4>\n\t<div id=\"gap-1160097426\" class=\"gap-element clearfix\" style=\"display:block; height:auto;\">\n\t\t\n<style scope=\"scope\">\n\n#gap-1160097426 {\n  padding-top: 20px;\n}\n<\/style>\n\t<\/div>\n\t\n<a href=\"tel:514%20509-5080\" target=\"_self\" class=\"button primary\"  >\n  <i class=\"icon-phone\" ><\/i>  <span>514 509-5080<\/span>\n  <\/a>\n\n\t\t<\/div>\n\t<\/div>\n\t\n\t\n\t\t<\/div>\n\t<\/div>\n\n\t\n<\/div>\n<\/div>\n<div class=\"panel entry-content\" id=\"tab_ask-us-by-email\">\n<div class=\"row\"  id=\"row-1185394387\">\n\n\t<div class=\"col medium-4 small-12 large-4\"  >\n\t\t<div class=\"col-inner text-center\"  >\n\t\t\t\n\t\t\t\n\t<div class=\"img has-hover x md-x lg-x y md-y lg-y\" id=\"image_732205107\">\n\t\t\t\t\t\t\t\t<div class=\"img-inner dark\" style=\"margin:20px 0px 0px 0px;\">\n\t\t\t<img loading=\"lazy\" decoding=\"async\" width=\"152\" height=\"120\" src=\"https:\/\/b2bcybersecure.com\/wp-content\/uploads\/2021\/03\/Capture-decran-le-2021-03-03-a-16.04.36.png\" class=\"attachment-large size-large\" alt=\"\" \/>\t\t\t\t\t\t\n\t\t\t\t\t<\/div>\n\t\t\t\t\t\t\t\t\n<style scope=\"scope\">\n\n#image_732205107 {\n  width: 100%;\n}\n<\/style>\n\t<\/div>\n\t\n\t<div class=\"img has-hover x md-x lg-x y md-y lg-y\" id=\"image_156069971\">\n\t\t\t\t\t\t\t\t<div class=\"img-inner dark\" >\n\t\t\t<img loading=\"lazy\" decoding=\"async\" width=\"96\" height=\"96\" src=\"https:\/\/b2bcybersecure.com\/wp-content\/uploads\/2021\/03\/file-list-line.png\" class=\"attachment-large size-large\" alt=\"\" \/>\t\t\t\t\t\t\n\t\t\t\t\t<\/div>\n\t\t\t\t\t\t\t\t\n<style scope=\"scope\">\n\n#image_156069971 {\n  width: 51%;\n}\n<\/style>\n\t<\/div>\n\t\n<h3><span style=\"font-size: 130%;\">General questions<\/span><\/h3>\n<h3 class=\"thin-font\">Do you have a question about one of our offers or an article from our PERIMETER blog? Don&#8217;t hesitate to send them. We&#8217;ll be happy to answer them quickly.<\/h3>\n\t\t<\/div>\n\t<\/div>\n\n\t\n\n\t<div class=\"col medium-8 small-12 large-8\"  >\n\t\t<div class=\"col-inner text-left\"  >\n\t\t\t\n\t\t\t\n<script type=\"text\/javascript\" src=\"https:\/\/form.jotform.com\/jsform\/210765701999063?language=en\"><\/script>\n\t\t<\/div>\n\t<\/div>\n\n\t\n<\/div>\n<\/div><\/div><\/div>\n\t\t<\/div>\n\t<\/div>\n\n\t\n\n<style scope=\"scope\">\n\n<\/style>\n<\/div>\n\t\t<\/div>\n\n\t\t\n<style scope=\"scope\">\n\n#section_592051151 {\n  padding-top: 30px;\n  padding-bottom: 30px;\n}\n<\/style>\n\t<\/section>\n\t\n<span class=\"scroll-to\" data-label=\"Scroll to: #Address\" data-bullet=\"false\" data-link=\"#Address\" data-title=\"Address\"><a name=\"Address\"><\/a><\/span>\n\t<section class=\"section\" id=\"section_1326327029\">\n\t\t<div class=\"bg section-bg fill bg-fill bg-loaded bg-loaded\" >\n\n\t\t\t\n\t\t\t\n\t\t\t\n\n\t\t<\/div>\n\n\t\t<div class=\"section-content relative\">\n\t\t\t\n\n  <div class=\"banner has-hover\" id=\"banner-1613634241\">\n          <div class=\"banner-inner fill\">\n        <div class=\"banner-bg fill\" >\n            <div class=\"bg fill bg-fill bg-loaded\"><\/div>\n                        <div class=\"overlay\"><\/div>            \n                    <\/div>\n        <div class=\"banner-layers container\">\n            <div class=\"fill banner-link\"><\/div>            \n   <div id=\"text-box-1954002490\" class=\"text-box banner-layer x5 md-x5 lg-x5 y50 md-y50 lg-y50 res-text\">\n                                <div class=\"text box-shadow-3\">\n              \n              <div class=\"text-inner text-left\">\n                  \n<h3 class=\"uppercase\"><strong>B2B Cyber Secure<\/strong><\/h3>\n<p><strong>12-2980 Avenue Watt<\/strong><br \/>\n<strong>Qu\u00e9bec (Qc) G1X 4A6<\/strong><\/p>\n<a rel=\"noopener noreferrer\" href=\"https:\/\/www.google.com\/maps\/place\/2980+Av.+Watt,+Qu%C3%A9bec,+QC+G1X+4A6\/@46.1774473,-73.1861672,181654m\/data=!3m1!1e3!4m22!1m15!4m14!1m6!1m2!1s0x4cb89747febc9d5b:0x428235861e0867c3!2s2980+Avenue+Watt,+Qu%C3%A9bec,+QC!2m2!1d-71.3202673!2d46.7855071!1m6!1m2!1s0x4cc923fe5041ec83:0xcfb15263e3026226!2s\" target=\"_blank\" class=\"button primary\"  >\n    <span>Google Map Directions<\/span>\n  <\/a>\n\n              <\/div>\n           <\/div>\n                            \n<style scope=\"scope\">\n\n#text-box-1954002490 .text {\n  background-color: rgb(255, 255, 255);\n  font-size: 100%;\n}\n#text-box-1954002490 .text-inner {\n  padding: 30px 30px 30px 30px;\n}\n#text-box-1954002490 {\n  width: 60%;\n}\n\n\n@media (min-width:550px) {\n\n  #text-box-1954002490 {\n    width: 33%;\n  }\n\n}\n<\/style>\n    <\/div>\n \n        <\/div>\n      <\/div>\n\n            \n<style scope=\"scope\">\n\n#banner-1613634241 {\n  padding-top: 500px;\n  background-color: rgb(255, 255, 255);\n}\n#banner-1613634241 .bg.bg-loaded {\n  background-image: url(https:\/\/b2bcybersecure.com\/wp-content\/uploads\/2021\/03\/Capture-decran-le-2021-03-15-a-13.53.32.png);\n}\n#banner-1613634241 .overlay {\n  background-color: rgba(190, 190, 190, 0.2);\n}\n<\/style>\n  <\/div>\n\n\n\t\t<\/div>\n\n\t\t\n<style scope=\"scope\">\n\n#section_1326327029 {\n  padding-top: 0px;\n  padding-bottom: 0px;\n}\n<\/style>\n\t<\/section>\n\t\n","protected":false},"excerpt":{"rendered":"","protected":false},"author":4,"featured_media":0,"parent":0,"menu_order":0,"comment_status":"closed","ping_status":"closed","template":"","meta":{"footnotes":""},"class_list":["post-28","page","type-page","status-publish","hentry"],"yoast_head":"<!-- This site is optimized with the Yoast SEO Premium plugin v24.9 (Yoast SEO v27.3) - https:\/\/yoast.com\/product\/yoast-seo-premium-wordpress\/ -->\n<title>Contact us - B2B Cyber Secure<\/title>\n<meta name=\"robots\" content=\"index, follow, max-snippet:-1, max-image-preview:large, max-video-preview:-1\" \/>\n<link rel=\"canonical\" href=\"https:\/\/b2bcybersecure.com\/en\/contact-us\/\" \/>\n<meta property=\"og:locale\" content=\"en_US\" \/>\n<meta property=\"og:type\" content=\"article\" \/>\n<meta property=\"og:title\" content=\"Contact us - B2B Cyber Secure\" \/>\n<meta property=\"og:url\" content=\"https:\/\/b2bcybersecure.com\/en\/contact-us\/\" \/>\n<meta property=\"og:site_name\" content=\"B2B Cyber Secure\" \/>\n<meta property=\"article:modified_time\" content=\"2025-03-24T18:45:35+00:00\" \/>\n<meta name=\"twitter:card\" content=\"summary_large_image\" \/>\n<meta name=\"twitter:label1\" content=\"Est. reading time\" \/>\n\t<meta name=\"twitter:data1\" content=\"4 minutes\" \/>\n<script type=\"application\/ld+json\" class=\"yoast-schema-graph\">{\"@context\":\"https:\\\/\\\/schema.org\",\"@graph\":[{\"@type\":\"WebPage\",\"@id\":\"https:\\\/\\\/b2bcybersecure.com\\\/en\\\/contact-us\\\/\",\"url\":\"https:\\\/\\\/b2bcybersecure.com\\\/en\\\/contact-us\\\/\",\"name\":\"Contact us - B2B Cyber Secure\",\"isPartOf\":{\"@id\":\"https:\\\/\\\/b2bcybersecure.com\\\/en\\\/#website\"},\"datePublished\":\"2020-03-17T00:56:22+00:00\",\"dateModified\":\"2025-03-24T18:45:35+00:00\",\"inLanguage\":\"en-US\",\"potentialAction\":[{\"@type\":\"ReadAction\",\"target\":[\"https:\\\/\\\/b2bcybersecure.com\\\/en\\\/contact-us\\\/\"]}]},{\"@type\":\"WebSite\",\"@id\":\"https:\\\/\\\/b2bcybersecure.com\\\/en\\\/#website\",\"url\":\"https:\\\/\\\/b2bcybersecure.com\\\/en\\\/\",\"name\":\"B2B Cyber Secure\",\"description\":\"\",\"publisher\":{\"@id\":\"https:\\\/\\\/b2bcybersecure.com\\\/en\\\/#organization\"},\"potentialAction\":[{\"@type\":\"SearchAction\",\"target\":{\"@type\":\"EntryPoint\",\"urlTemplate\":\"https:\\\/\\\/b2bcybersecure.com\\\/en\\\/?s={search_term_string}\"},\"query-input\":{\"@type\":\"PropertyValueSpecification\",\"valueRequired\":true,\"valueName\":\"search_term_string\"}}],\"inLanguage\":\"en-US\"},{\"@type\":\"Organization\",\"@id\":\"https:\\\/\\\/b2bcybersecure.com\\\/en\\\/#organization\",\"name\":\"B2B Cyber Secure\",\"url\":\"https:\\\/\\\/b2bcybersecure.com\\\/en\\\/\",\"logo\":{\"@type\":\"ImageObject\",\"inLanguage\":\"en-US\",\"@id\":\"https:\\\/\\\/b2bcybersecure.com\\\/en\\\/#\\\/schema\\\/logo\\\/image\\\/\",\"url\":\"https:\\\/\\\/b2bcybersecure.com\\\/wp-content\\\/uploads\\\/2021\\\/01\\\/Logo-B2B-Cyber-secure.png\",\"contentUrl\":\"https:\\\/\\\/b2bcybersecure.com\\\/wp-content\\\/uploads\\\/2021\\\/01\\\/Logo-B2B-Cyber-secure.png\",\"width\":67,\"height\":67,\"caption\":\"B2B Cyber Secure\"},\"image\":{\"@id\":\"https:\\\/\\\/b2bcybersecure.com\\\/en\\\/#\\\/schema\\\/logo\\\/image\\\/\"},\"sameAs\":[\"https:\\\/\\\/www.linkedin.com\\\/company\\\/b2bcybersecure\\\/\"]}]}<\/script>\n<!-- \/ Yoast SEO Premium plugin. -->","yoast_head_json":{"title":"Contact us - B2B Cyber Secure","robots":{"index":"index","follow":"follow","max-snippet":"max-snippet:-1","max-image-preview":"max-image-preview:large","max-video-preview":"max-video-preview:-1"},"canonical":"https:\/\/b2bcybersecure.com\/en\/contact-us\/","og_locale":"en_US","og_type":"article","og_title":"Contact us - B2B Cyber Secure","og_url":"https:\/\/b2bcybersecure.com\/en\/contact-us\/","og_site_name":"B2B Cyber Secure","article_modified_time":"2025-03-24T18:45:35+00:00","twitter_card":"summary_large_image","twitter_misc":{"Est. reading time":"4 minutes"},"schema":{"@context":"https:\/\/schema.org","@graph":[{"@type":"WebPage","@id":"https:\/\/b2bcybersecure.com\/en\/contact-us\/","url":"https:\/\/b2bcybersecure.com\/en\/contact-us\/","name":"Contact us - B2B Cyber Secure","isPartOf":{"@id":"https:\/\/b2bcybersecure.com\/en\/#website"},"datePublished":"2020-03-17T00:56:22+00:00","dateModified":"2025-03-24T18:45:35+00:00","inLanguage":"en-US","potentialAction":[{"@type":"ReadAction","target":["https:\/\/b2bcybersecure.com\/en\/contact-us\/"]}]},{"@type":"WebSite","@id":"https:\/\/b2bcybersecure.com\/en\/#website","url":"https:\/\/b2bcybersecure.com\/en\/","name":"B2B Cyber Secure","description":"","publisher":{"@id":"https:\/\/b2bcybersecure.com\/en\/#organization"},"potentialAction":[{"@type":"SearchAction","target":{"@type":"EntryPoint","urlTemplate":"https:\/\/b2bcybersecure.com\/en\/?s={search_term_string}"},"query-input":{"@type":"PropertyValueSpecification","valueRequired":true,"valueName":"search_term_string"}}],"inLanguage":"en-US"},{"@type":"Organization","@id":"https:\/\/b2bcybersecure.com\/en\/#organization","name":"B2B Cyber Secure","url":"https:\/\/b2bcybersecure.com\/en\/","logo":{"@type":"ImageObject","inLanguage":"en-US","@id":"https:\/\/b2bcybersecure.com\/en\/#\/schema\/logo\/image\/","url":"https:\/\/b2bcybersecure.com\/wp-content\/uploads\/2021\/01\/Logo-B2B-Cyber-secure.png","contentUrl":"https:\/\/b2bcybersecure.com\/wp-content\/uploads\/2021\/01\/Logo-B2B-Cyber-secure.png","width":67,"height":67,"caption":"B2B Cyber Secure"},"image":{"@id":"https:\/\/b2bcybersecure.com\/en\/#\/schema\/logo\/image\/"},"sameAs":["https:\/\/www.linkedin.com\/company\/b2bcybersecure\/"]}]}},"_links":{"self":[{"href":"https:\/\/b2bcybersecure.com\/en\/wp-json\/wp\/v2\/pages\/28","targetHints":{"allow":["GET"]}}],"collection":[{"href":"https:\/\/b2bcybersecure.com\/en\/wp-json\/wp\/v2\/pages"}],"about":[{"href":"https:\/\/b2bcybersecure.com\/en\/wp-json\/wp\/v2\/types\/page"}],"author":[{"embeddable":true,"href":"https:\/\/b2bcybersecure.com\/en\/wp-json\/wp\/v2\/users\/4"}],"replies":[{"embeddable":true,"href":"https:\/\/b2bcybersecure.com\/en\/wp-json\/wp\/v2\/comments?post=28"}],"version-history":[{"count":5,"href":"https:\/\/b2bcybersecure.com\/en\/wp-json\/wp\/v2\/pages\/28\/revisions"}],"predecessor-version":[{"id":4461,"href":"https:\/\/b2bcybersecure.com\/en\/wp-json\/wp\/v2\/pages\/28\/revisions\/4461"}],"wp:attachment":[{"href":"https:\/\/b2bcybersecure.com\/en\/wp-json\/wp\/v2\/media?parent=28"}],"curies":[{"name":"wp","href":"https:\/\/api.w.org\/{rel}","templated":true}]}}